{"id":146,"date":"2016-10-15T09:52:03","date_gmt":"2016-10-15T06:52:03","guid":{"rendered":"http:\/\/www.tekkullanimlikdisfircasi.com\/?page_id=146"},"modified":"2017-01-09T11:39:20","modified_gmt":"2017-01-09T09:39:20","slug":"dis-fircalari","status":"publish","type":"page","link":"https:\/\/www.tekkullanimlikdisfircasi.com\/index.php\/dis-fircalari\/","title":{"rendered":"Di\u015f F\u0131r\u00e7alar\u0131"},"content":{"rendered":"<p><iframe loading=\"lazy\" src=\"https:\/\/www.tekkullanimlikdisfircasi.com\/html\/dis_fircalari.html\" name=\"test\" width=\"900px\" height=\"750\" frameborder=\"0\" scrolling=\"no\" align=\"center\"><br \/>\n<\/iframe><\/p>\n","protected":false},"excerpt":{"rendered":"","protected":false},"author":1,"featured_media":0,"parent":0,"menu_order":0,"comment_status":"closed","ping_status":"closed","template":"","meta":{"_links_to":"","_links_to_target":""},"aioseo_notices":[],"_links":{"self":[{"href":"https:\/\/www.tekkullanimlikdisfircasi.com\/index.php\/wp-json\/wp\/v2\/pages\/146"}],"collection":[{"href":"https:\/\/www.tekkullanimlikdisfircasi.com\/index.php\/wp-json\/wp\/v2\/pages"}],"about":[{"href":"https:\/\/www.tekkullanimlikdisfircasi.com\/index.php\/wp-json\/wp\/v2\/types\/page"}],"author":[{"embeddable":true,"href":"https:\/\/www.tekkullanimlikdisfircasi.com\/index.php\/wp-json\/wp\/v2\/users\/1"}],"replies":[{"embeddable":true,"href":"https:\/\/www.tekkullanimlikdisfircasi.com\/index.php\/wp-json\/wp\/v2\/comments?post=146"}],"version-history":[{"count":85,"href":"https:\/\/www.tekkullanimlikdisfircasi.com\/index.php\/wp-json\/wp\/v2\/pages\/146\/revisions"}],"predecessor-version":[{"id":433,"href":"https:\/\/www.tekkullanimlikdisfircasi.com\/index.php\/wp-json\/wp\/v2\/pages\/146\/revisions\/433"}],"wp:attachment":[{"href":"https:\/\/www.tekkullanimlikdisfircasi.com\/index.php\/wp-json\/wp\/v2\/media?parent=146"}],"curies":[{"name":"wp","href":"https:\/\/api.w.org\/{rel}","templated":true}]}}