{"id":148,"date":"2016-10-15T09:52:19","date_gmt":"2016-10-15T06:52:19","guid":{"rendered":"http:\/\/www.tekkullanimlikdisfircasi.com\/?page_id=148"},"modified":"2017-01-10T09:26:30","modified_gmt":"2017-01-10T07:26:30","slug":"dis-macunlari","status":"publish","type":"page","link":"https:\/\/www.tekkullanimlikdisfircasi.com\/index.php\/dis-macunlari\/","title":{"rendered":"\u00d6zel \u00dcretim \u00dcr\u00fcnler"},"content":{"rendered":"<h4>Di\u015f F\u0131r\u00e7as\u0131 \u00dcretimi<\/h4>\n<p>Komple servo motorlar ile kontrol edilen y\u00fcksek h\u0131zda \u00fcretim yapan Di\u015f F\u0131r\u00e7as\u0131 \u00fcretim makinas\u0131 ile istedi\u011finiz her t\u00fcrl\u00fc kal\u0131p \u00e7izim di\u015f f\u0131r\u00e7as\u0131n\u0131n kal\u0131b\u0131 \u00fcretilerek, seri \u00fcretim yapabilmektedir.<\/p>\n<p>Di\u015f f\u0131r\u00e7as\u0131 \u00fcretiminde esas olan zamanlama ve h\u0131zd\u0131r. Milimetreden daha k\u00fc\u00e7\u00fck \u00f6l\u00e7\u00fclerde \u00e7al\u0131\u015fan makinalar mikron tolerans\u0131nda i\u015f yapmaktad\u0131rlar.<\/p>\n<p>&nbsp;<\/p>\n<p><iframe loading=\"lazy\" src=\"https:\/\/www.youtube.com\/embed\/k7wIYxPKp4M\" width=\"560\" height=\"315\" frameborder=\"0\" allowfullscreen=\"allowfullscreen\"><\/iframe><\/p>\n<p>\u0130ste\u011fe ba\u011fl\u0131 \u00f6zel \u00fcretime uygun olarak tasarlanm\u0131\u015f makina parkurumuz ile ortalama 5-90 i\u015f g\u00fcn\u00fc aras\u0131nda istedi\u011finiz hayal etti\u011finiz her t\u00fcrl\u00fc \u00f6zel \u00fcretim ve \u00fcr\u00fcn \u00fczeri \u00f6zel bask\u0131 yap\u0131\u0131lmaktad\u0131r.<\/p>\n<p>D\u00fcnya standartlar\u0131nda %90 kapasiteye ula\u015fan a\u00e7\u0131l\u0131 di\u015f f\u0131r\u00e7alar\u0131 \u00fcretmekteyiz. A\u00e7\u0131l\u0131 di\u015f f\u0131r\u00e7alar\u0131yla a\u011fz\u0131n\u0131zda ula\u015f\u0131lmas\u0131 zor alanlara ve di\u015flerinizin i\u00e7 taraf\u0131na ula\u015f\u0131m daha kolay olacakt\u0131r. K\u00fc\u00e7\u00fck ya da b\u00fcy\u00fck f\u0131r\u00e7a ba\u015fl\u0131\u011f\u0131 ise a\u011f\u0131z geni\u015fli\u011finize g\u00f6re dikkat etmeniz gereken hususlardan olacakt\u0131r.<\/p>\n<p><strong>Hassas di\u015f etine sahip olanlar\u0131n genel itibariyle yumu\u015fak veya ekstra yumu\u015fak di\u015f f\u0131r\u00e7alar\u0131n\u0131 tercih etmeleri daha uygun olacakt\u0131r.\u00a0<\/strong><\/p>\n<p>Bu \u00f6zellikteki t\u00fcm \u00fcr\u00fcnler, \u00fcretim parkurumuzda mevcuttur. Sadece problemli olmas\u0131 sebebiyle sert nylon malzemeden yap\u0131lan di\u015f f\u0131r\u00e7as\u0131 \u00fcretmiyoruz. Baz\u0131 yurt d\u0131\u015f\u0131 \u00fclkelerinden sert f\u0131r\u00e7a \u00fcretim talepleri geliyor. Biz bu taleplere kar\u015f\u0131l\u0131k veriyoruz. Yurt i\u00e7inde sert di\u015f f\u0131r\u00e7as\u0131n\u0131n ilgi ve talep g\u00f6rmemesinin sebepleri Di\u015f k\u0131r\u0131lmas\u0131, di\u015f eti \u00e7ekilmesi, yanl\u0131\u015f kullan\u0131mda di\u015f seti kanamas\u0131 vs&#8230; Di\u015f hassasiyeti olanlar\u0131n yumu\u015fak k\u0131ll\u0131 f\u0131r\u00e7ayla birlikte flor\u00fcrl\u00fc di\u015f macunlar\u0131 kullanmalar\u0131 ve di\u015f hekimlerine muayene olmalar\u0131 faydal\u0131 olacakt\u0131r. \u015eirketimiz bu tarzda \u00fcr\u00fcnlerin \u00fcretimine yo\u011funluk g\u00f6stermektedir.<\/p>\n","protected":false},"excerpt":{"rendered":"<p>Di\u015f F\u0131r\u00e7as\u0131 \u00dcretimi Komple servo motorlar ile kontrol edilen y\u00fcksek h\u0131zda \u00fcretim yapan Di\u015f F\u0131r\u00e7as\u0131 \u00fcretim makinas\u0131 ile istedi\u011finiz her t\u00fcrl\u00fc kal\u0131p \u00e7izim di\u015f f\u0131r\u00e7as\u0131n\u0131n kal\u0131b\u0131 \u00fcretilerek, seri \u00fcretim yapabilmektedir. Di\u015f f\u0131r\u00e7as\u0131 \u00fcretiminde esas olan zamanlama ve h\u0131zd\u0131r. Milimetreden daha<\/p>\n","protected":false},"author":1,"featured_media":0,"parent":0,"menu_order":0,"comment_status":"closed","ping_status":"closed","template":"","meta":{"_links_to":"","_links_to_target":""},"aioseo_notices":[],"_links":{"self":[{"href":"https:\/\/www.tekkullanimlikdisfircasi.com\/index.php\/wp-json\/wp\/v2\/pages\/148"}],"collection":[{"href":"https:\/\/www.tekkullanimlikdisfircasi.com\/index.php\/wp-json\/wp\/v2\/pages"}],"about":[{"href":"https:\/\/www.tekkullanimlikdisfircasi.com\/index.php\/wp-json\/wp\/v2\/types\/page"}],"author":[{"embeddable":true,"href":"https:\/\/www.tekkullanimlikdisfircasi.com\/index.php\/wp-json\/wp\/v2\/users\/1"}],"replies":[{"embeddable":true,"href":"https:\/\/www.tekkullanimlikdisfircasi.com\/index.php\/wp-json\/wp\/v2\/comments?post=148"}],"version-history":[{"count":8,"href":"https:\/\/www.tekkullanimlikdisfircasi.com\/index.php\/wp-json\/wp\/v2\/pages\/148\/revisions"}],"predecessor-version":[{"id":459,"href":"https:\/\/www.tekkullanimlikdisfircasi.com\/index.php\/wp-json\/wp\/v2\/pages\/148\/revisions\/459"}],"wp:attachment":[{"href":"https:\/\/www.tekkullanimlikdisfircasi.com\/index.php\/wp-json\/wp\/v2\/media?parent=148"}],"curies":[{"name":"wp","href":"https:\/\/api.w.org\/{rel}","templated":true}]}}