{"id":152,"date":"2016-10-15T09:53:09","date_gmt":"2016-10-15T06:53:09","guid":{"rendered":"http:\/\/www.tekkullanimlikdisfircasi.com\/?page_id=152"},"modified":"2017-01-09T13:38:26","modified_gmt":"2017-01-09T11:38:26","slug":"kisisel-bakim-otomatlari","status":"publish","type":"page","link":"https:\/\/www.tekkullanimlikdisfircasi.com\/index.php\/kisisel-bakim-otomatlari\/","title":{"rendered":"Ki\u015fisel Bak\u0131m Otomatlar\u0131"},"content":{"rendered":"<p><iframe loading=\"lazy\" src=\"https:\/\/www.tekkullanimlikdisfircasi.com\/html\/kisisel_bakim_otomatlari.html\" name=\"test\" width=\"900px\" height=\"450\" frameborder=\"0\" scrolling=\"no\" align=\"center\"><br \/>\n<\/iframe><\/p>\n","protected":false},"excerpt":{"rendered":"","protected":false},"author":1,"featured_media":0,"parent":0,"menu_order":0,"comment_status":"closed","ping_status":"closed","template":"","meta":{"_links_to":"","_links_to_target":""},"aioseo_notices":[],"_links":{"self":[{"href":"https:\/\/www.tekkullanimlikdisfircasi.com\/index.php\/wp-json\/wp\/v2\/pages\/152"}],"collection":[{"href":"https:\/\/www.tekkullanimlikdisfircasi.com\/index.php\/wp-json\/wp\/v2\/pages"}],"about":[{"href":"https:\/\/www.tekkullanimlikdisfircasi.com\/index.php\/wp-json\/wp\/v2\/types\/page"}],"author":[{"embeddable":true,"href":"https:\/\/www.tekkullanimlikdisfircasi.com\/index.php\/wp-json\/wp\/v2\/users\/1"}],"replies":[{"embeddable":true,"href":"https:\/\/www.tekkullanimlikdisfircasi.com\/index.php\/wp-json\/wp\/v2\/comments?post=152"}],"version-history":[{"count":5,"href":"https:\/\/www.tekkullanimlikdisfircasi.com\/index.php\/wp-json\/wp\/v2\/pages\/152\/revisions"}],"predecessor-version":[{"id":317,"href":"https:\/\/www.tekkullanimlikdisfircasi.com\/index.php\/wp-json\/wp\/v2\/pages\/152\/revisions\/317"}],"wp:attachment":[{"href":"https:\/\/www.tekkullanimlikdisfircasi.com\/index.php\/wp-json\/wp\/v2\/media?parent=152"}],"curies":[{"name":"wp","href":"https:\/\/api.w.org\/{rel}","templated":true}]}}