{"id":36,"date":"2016-10-12T15:23:38","date_gmt":"2016-10-12T12:23:38","guid":{"rendered":"http:\/\/www.tekkullanimlikdisfircasi.com\/?page_id=36"},"modified":"2017-01-23T15:23:30","modified_gmt":"2017-01-23T13:23:30","slug":"kurumsal","status":"publish","type":"page","link":"https:\/\/www.tekkullanimlikdisfircasi.com\/index.php\/kurumsal\/","title":{"rendered":"oemturkey"},"content":{"rendered":"<div class=\"page-title-4\"><span class=\"bold\">Zaman su gibi ak\u0131p ge\u00e7er, geriye kalite, marka ve tecr\u00fcbeler\u00a0kal\u0131r!<\/span><\/div>\n<p>2008\u00a0y\u0131l\u0131nda Ankara\u2019da k\u00fc\u00e7\u00fck bir\u00a0i\u015fletme olarak tek kullan\u0131ml\u0131k di\u015f f\u0131r\u00e7as\u0131 otomatlar\u0131 ve pedmatik otomatlar\u0131 \u00fcretimi ile ba\u015flayan ba\u015far\u0131 \u00f6yk\u00fcs\u00fc<\/p>\n<p>\u00c7al\u0131\u015fma hayat\u0131na\u00a0temizli\u011fin en do\u011fal sembollerinden di\u015f f\u0131r\u00e7as\u0131\u00a0ile ba\u015flayan oemturkey\u00a0kurucusu Eyy\u00fcp \u0130SAO\u011eLU\u2019nun\u00a0en b\u00fcy\u00fck prensibi, kaliteli \u00fcr\u00fcnler ile m\u00fc\u015fterilerini memnun etmektir. Uluslar aras\u0131 piyasa hacminin daralmas\u0131, m\u00fc\u015fterilerin kaliteyi \u00f6nemsemeyip tamamen maliyet odaklar\u0131 \u00e7al\u0131\u015fmalar\u0131na ra\u011fmen oemturkey, yakalad\u0131\u011f\u0131 kalite ile \u00e7izgisini korumakla beraber m\u00fc\u015fterilerine tek kullan\u0131ml\u0131k di\u015f f\u0131r\u00e7alar\u0131ndan, yeti\u015fkin di\u015f f\u0131r\u00e7as\u0131, \u00e7ocuk di\u015f f\u0131r\u00e7as\u0131, di\u015f macunlar\u0131, di\u015f setleri, iste\u011fe ba\u011fl\u0131\u00a0g\u00f6re \u00f6zel markal\u0131 tedari\u011fine kadar \u00a0 bir\u00e7ok kategoride hayat\u0131n vazge\u00e7ilmez bir par\u00e7as\u0131 olmaktad\u0131r.<\/p>\n<p>&nbsp;<\/p>\n<div class=\"page-title-2\"><strong>V\u0130ZYONUMUZ<\/strong><\/div>\n<p>\u0130nsanlar\u0131n mutlulu\u011funa katk\u0131da bulunmak i\u00e7in, \u00fcst\u00fcn kalitedeki ki\u015fisel bak\u0131m \u00fcr\u00fcnlerini uygun ko\u015fullarda sunmak, ayn\u0131 \u015fefffafl\u0131\u011f\u0131 t\u00fcketicilerinden beklemek\u2026<\/p>\n<div class=\"page-title-2\"><strong>M\u0130SYONUMUZ<\/strong><\/div>\n<p>oemturkey\u2019in\u00a0T\u00fcrkiye\u2019de ve b\u00f6lgede uluslararas\u0131 markalarla rekabet eder konuma ula\u015ft\u0131rmak, g\u00fc\u00e7lendirmek, liderli\u011fe ula\u015ft\u0131rmak\u2026<\/p>\n<div class=\"page-title-2\"><strong>DE\u011eERLER\u0130M\u0130Z<\/strong><\/div>\n<p>\u2022 Erdemli ve d\u00fcr\u00fcst<br \/>\n\u2022 Topluma, \u00e7evreye ve payda\u015flar\u0131na kar\u015f\u0131 sorumlu<br \/>\n\u2022 Kalitede b\u00fct\u00fcnl\u00fc\u011f\u00fc ve devaml\u0131l\u0131\u011f\u0131 \u00f6ne \u00e7\u0131karan<br \/>\n\u2022 \u00c7al\u0131\u015fanlar\u0131n\u0131 \u00f6nemseyen, geli\u015ftiren, \u00e7al\u0131\u015fanlar\u0131na kar\u015f\u0131 adil olan ve onlara g\u00fcvenen<br \/>\n\u2022 M\u00fc\u015fteri ve t\u00fcketici odakl\u0131<br \/>\n\u2022 S\u00fcrekli kendini geli\u015ftiren<br \/>\n\u2022\u00a0Rekabette adil<br \/>\n\u2022\u00a0Zaman\u0131 en do\u011fru \u015fekilde kullanan\u2026<\/p>\n","protected":false},"excerpt":{"rendered":"<p>Zaman su gibi ak\u0131p ge\u00e7er, geriye kalite, marka ve tecr\u00fcbeler\u00a0kal\u0131r! 2008\u00a0y\u0131l\u0131nda Ankara\u2019da k\u00fc\u00e7\u00fck bir\u00a0i\u015fletme olarak tek kullan\u0131ml\u0131k di\u015f f\u0131r\u00e7as\u0131 otomatlar\u0131 ve pedmatik otomatlar\u0131 \u00fcretimi ile ba\u015flayan ba\u015far\u0131 \u00f6yk\u00fcs\u00fc \u00c7al\u0131\u015fma hayat\u0131na\u00a0temizli\u011fin en do\u011fal sembollerinden di\u015f f\u0131r\u00e7as\u0131\u00a0ile ba\u015flayan oemturkey\u00a0kurucusu Eyy\u00fcp \u0130SAO\u011eLU\u2019nun\u00a0en b\u00fcy\u00fck<\/p>\n","protected":false},"author":1,"featured_media":0,"parent":0,"menu_order":2,"comment_status":"closed","ping_status":"closed","template":"","meta":{"_links_to":"","_links_to_target":""},"aioseo_notices":[],"_links":{"self":[{"href":"https:\/\/www.tekkullanimlikdisfircasi.com\/index.php\/wp-json\/wp\/v2\/pages\/36"}],"collection":[{"href":"https:\/\/www.tekkullanimlikdisfircasi.com\/index.php\/wp-json\/wp\/v2\/pages"}],"about":[{"href":"https:\/\/www.tekkullanimlikdisfircasi.com\/index.php\/wp-json\/wp\/v2\/types\/page"}],"author":[{"embeddable":true,"href":"https:\/\/www.tekkullanimlikdisfircasi.com\/index.php\/wp-json\/wp\/v2\/users\/1"}],"replies":[{"embeddable":true,"href":"https:\/\/www.tekkullanimlikdisfircasi.com\/index.php\/wp-json\/wp\/v2\/comments?post=36"}],"version-history":[{"count":5,"href":"https:\/\/www.tekkullanimlikdisfircasi.com\/index.php\/wp-json\/wp\/v2\/pages\/36\/revisions"}],"predecessor-version":[{"id":53,"href":"https:\/\/www.tekkullanimlikdisfircasi.com\/index.php\/wp-json\/wp\/v2\/pages\/36\/revisions\/53"}],"wp:attachment":[{"href":"https:\/\/www.tekkullanimlikdisfircasi.com\/index.php\/wp-json\/wp\/v2\/media?parent=36"}],"curies":[{"name":"wp","href":"https:\/\/api.w.org\/{rel}","templated":true}]}}