{"id":47,"date":"2016-10-12T15:35:12","date_gmt":"2016-10-12T12:35:12","guid":{"rendered":"http:\/\/www.tekkullanimlikdisfircasi.com\/?page_id=47"},"modified":"2017-01-23T15:22:50","modified_gmt":"2017-01-23T13:22:50","slug":"sosyal-sorumluluk","status":"publish","type":"page","link":"https:\/\/www.tekkullanimlikdisfircasi.com\/index.php\/sosyal-sorumluluk\/","title":{"rendered":"Sosyal Sorumluluk"},"content":{"rendered":"<h3 class=\"h3Baslik\">Kurumsal Sosyal Sorumluluk Politikas\u0131 ve \u0130lkeleri<\/h3>\n<div id=\"CPH_divIcerik\">\n<p>Bu politika belgesiyle oemturkey, kurumsal sosyal sorumluluk ilkelerimizi ve konunun Toplulu\u011fumuz i\u00e7in \u00f6nemini ve \u00f6nceli\u011fini vurgular.<\/p>\n<p>oemturkey\u00a0sahip oldu\u011fu tevazu, insana sayg\u0131 ve halka yak\u0131nl\u0131k \u00f6z de\u011ferlerinin bir par\u00e7as\u0131 olarak t\u00fcm faaliyetlerinde sosyal sorumluluk bilinciyle hareket etmeyi y\u00f6netim anlay\u0131\u015f\u0131n\u0131n temel ve de\u011fi\u015fmez unsurlar\u0131ndan biri olarak kabul eder. \u00a0Sosyal sorumluluk anlay\u0131\u015f\u0131m\u0131z\u0131n kapsam\u0131n\u0131 i\u015f faaliyetlerimiz ve onlar\u0131n etkileriyle s\u0131n\u0131rl\u0131 g\u00f6rmeyiz. Sosyal sorumluluk anlay\u0131\u015f\u0131m\u0131z\u0131 ve bu konudaki \u00f6nceliklerimizi toplum ve \u00e7evre i\u00e7in en iyi olan\u0131 dikkate alarak belirleriz.<\/p>\n<p>Sosyal sorumluluk uygulamalar\u0131m\u0131zda esas ald\u0131\u011f\u0131m\u0131z temel ilkelerimiz \u015funlard\u0131r:<\/p>\n<ol>\n<ul>\n<li>oemturkey\u00a0olarak, faaliyet g\u00f6stermekte oldu\u011fumuz t\u00fcm co\u011frafyalarda topluma kar\u015f\u0131 sosyal ve \u00e7evresel sorumluluklar\u0131m\u0131z\u0131; hissedarlar\u0131m\u0131z, \u00e7al\u0131\u015fanlar\u0131m\u0131z, kamu, sivil toplum kurulu\u015flar\u0131 ve di\u011fer payda\u015flar\u0131m\u0131z ile uyumlu bir i\u015fbirli\u011fi i\u00e7inde yerine getirmeye \u00f6zen g\u00f6steririz.<\/li>\n<li>\u0130nsan kaynaklar\u0131m\u0131z\u0131n, s\u00fcrd\u00fcr\u00fclebilir b\u00fcy\u00fcmenin en \u00f6nemli unsuru oldu\u011funa inan\u0131r\u0131z. \u00c7al\u0131\u015fanlar\u0131m\u0131z\u0131n \u00f6zl\u00fck haklar\u0131n\u0131n tam ve do\u011fru bi\u00e7imde kullan\u0131lmas\u0131n\u0131 sa\u011flar\u0131z. \u00c7al\u0131\u015fanlara d\u00fcr\u00fcst ve adil yakla\u015f\u0131r, ayr\u0131mc\u0131 olmayan, g\u00fcvenli ve sa\u011fl\u0131kl\u0131 bir \u00e7al\u0131\u015fma ortam\u0131 taahh\u00fct ederiz. \u00c7al\u0131\u015fanlar\u0131m\u0131z\u0131n bireysel geli\u015fimi i\u00e7in gerekli \u00e7abay\u0131 g\u00f6sterir, i\u015f hayat\u0131 ile \u00f6zel hayat aras\u0131ndaki dengeyi g\u00f6zetiriz.<\/li>\n<\/ul>\n<\/ol>\n<p>Kurum i\u00e7inde \u00e7al\u0131\u015fanlar aras\u0131nda dil, \u0131rk, renk, cinsiyet, siyasi d\u00fc\u015f\u00fcnce, inan\u00e7, din, mezhep, ya\u015f, fiziksel engel ve benzeri nedenler ile ayr\u0131mc\u0131l\u0131k yap\u0131lmas\u0131n\u0131 kabul etmeyiz.<\/p>\n<p>\u0130\u015fbirli\u011fini destekleyici, pozitif ve uyumlu bir \u00e7al\u0131\u015fma ortam\u0131 yarat\u0131p \u00e7at\u0131\u015fma ortamlar\u0131n\u0131 \u00f6nleyerek farkl\u0131 inan\u00e7, d\u00fc\u015f\u00fcnce ve g\u00f6r\u00fc\u015fe sahip ki\u015filerin uyumlu bir bi\u00e7imde \u00e7al\u0131\u015fmalar\u0131n\u0131 sa\u011flar\u0131z.<\/p>\n<p>oemturkey\u00a0olarak t\u00fcm \u00e7al\u0131\u015fanlar\u0131m\u0131z\u0131n insan onuruna uygun \u00e7al\u0131\u015fma ko\u015fullar\u0131nda, sa\u011fl\u0131kl\u0131 ve g\u00fcvenli bir ortamda \u00e7al\u0131\u015fma hakk\u0131 oldu\u011funa inan\u0131r\u0131z. \u00c7al\u0131\u015fanlar\u0131m\u0131z bizim en de\u011ferli varl\u0131\u011f\u0131m\u0131zd\u0131r ve \u00e7al\u0131\u015fanlar\u0131m\u0131z\u0131n g\u00fcvenli\u011fini sa\u011flamak ve korumak en \u00f6ncelikli i\u015f hedefimizdir.<\/p>\n<ul>\n<li>Her t\u00fcrl\u00fc faaliyetimizden do\u011fabilecek \u00e7evresel etkileri sorumluluk bilinciyle y\u00f6netiriz.<\/li>\n<\/ul>\n<p>Toplulu\u011fumuz genelinde kurumsal sosyal sorumluluk uygulamalar\u0131ndan \u00a0t\u00fcm y\u00f6neticilerimiz ve \u00e7al\u0131\u015fanlar\u0131m\u0131z sorumludur.<\/p>\n<p>Bu politika belgesi, oemturkey&#8217;in\u00a0daha iyi bir d\u00fcnya ve gelecek i\u00e7in \u00fczerine d\u00fc\u015fen her t\u00fcrl\u00fc sorumlulu\u011fu yerine getirece\u011finin a\u00e7\u0131k bir taahh\u00fcd\u00fcn\u00fc, t\u00fcm \u00e7al\u0131\u015fanlar\u0131m\u0131zla, hissedarlar\u0131m\u0131zla ve di\u011fer t\u00fcm payda\u015flar\u0131m\u0131zla payla\u015fmak \u00fczere haz\u0131rlanm\u0131\u015ft\u0131r.<\/p>\n<\/div>\n","protected":false},"excerpt":{"rendered":"<p>Kurumsal Sosyal Sorumluluk Politikas\u0131 ve \u0130lkeleri Bu politika belgesiyle oemturkey, kurumsal sosyal sorumluluk ilkelerimizi ve konunun Toplulu\u011fumuz i\u00e7in \u00f6nemini ve \u00f6nceli\u011fini vurgular. oemturkey\u00a0sahip oldu\u011fu tevazu, insana sayg\u0131 ve halka yak\u0131nl\u0131k \u00f6z de\u011ferlerinin bir par\u00e7as\u0131 olarak t\u00fcm faaliyetlerinde sosyal sorumluluk bilinciyle<\/p>\n","protected":false},"author":1,"featured_media":0,"parent":0,"menu_order":5,"comment_status":"closed","ping_status":"closed","template":"","meta":{"_links_to":"","_links_to_target":""},"aioseo_notices":[],"_links":{"self":[{"href":"https:\/\/www.tekkullanimlikdisfircasi.com\/index.php\/wp-json\/wp\/v2\/pages\/47"}],"collection":[{"href":"https:\/\/www.tekkullanimlikdisfircasi.com\/index.php\/wp-json\/wp\/v2\/pages"}],"about":[{"href":"https:\/\/www.tekkullanimlikdisfircasi.com\/index.php\/wp-json\/wp\/v2\/types\/page"}],"author":[{"embeddable":true,"href":"https:\/\/www.tekkullanimlikdisfircasi.com\/index.php\/wp-json\/wp\/v2\/users\/1"}],"replies":[{"embeddable":true,"href":"https:\/\/www.tekkullanimlikdisfircasi.com\/index.php\/wp-json\/wp\/v2\/comments?post=47"}],"version-history":[{"count":4,"href":"https:\/\/www.tekkullanimlikdisfircasi.com\/index.php\/wp-json\/wp\/v2\/pages\/47\/revisions"}],"predecessor-version":[{"id":144,"href":"https:\/\/www.tekkullanimlikdisfircasi.com\/index.php\/wp-json\/wp\/v2\/pages\/47\/revisions\/144"}],"wp:attachment":[{"href":"https:\/\/www.tekkullanimlikdisfircasi.com\/index.php\/wp-json\/wp\/v2\/media?parent=47"}],"curies":[{"name":"wp","href":"https:\/\/api.w.org\/{rel}","templated":true}]}}