{"id":613,"date":"2017-01-16T12:11:45","date_gmt":"2017-01-16T10:11:45","guid":{"rendered":"http:\/\/www.tekkullanimlikdisfircasi.com\/?page_id=613"},"modified":"2017-01-23T13:50:13","modified_gmt":"2017-01-23T11:50:13","slug":"trs-001-kendinden-macunlu-dis-fircasi-seti","status":"publish","type":"page","link":"https:\/\/www.tekkullanimlikdisfircasi.com\/index.php\/dis-macunlari-2\/trs-001-kendinden-macunlu-dis-fircasi-seti\/","title":{"rendered":"TRS.001 &#8211; Kendinden macunlu di\u015f f\u0131r\u00e7as\u0131 seti"},"content":{"rendered":"<div class=\"responsive-tabs\">\n<h2 class=\"tabtitle\">\u00dcr\u00fcn \u00d6zellikleri<\/h2>\n<div class=\"tabcontent\">\n\n<p><img loading=\"lazy\" class=\"alignleft size-full wp-image-584\" src=\"https:\/\/www.tekkullanimlikdisfircasi.com\/wp-content\/uploads\/2017\/01\/TBR.002.1-1.jpg\" alt=\"\" width=\"560\" height=\"372\" srcset=\"https:\/\/www.tekkullanimlikdisfircasi.com\/wp-content\/uploads\/2017\/01\/TBR.002.1-1.jpg 560w, https:\/\/www.tekkullanimlikdisfircasi.com\/wp-content\/uploads\/2017\/01\/TBR.002.1-1-300x199.jpg 300w\" sizes=\"(max-width: 560px) 100vw, 560px\" \/><\/p>\n<h5 class=\"opened\">Genel \u00d6zellikler<\/h5>\n<table>\n<tbody>\n<tr>\n<td style=\"height: 26px; vertical-align: middle;\"><strong>Di\u015f F\u0131r\u00e7as\u0131 belge standard\u0131<\/strong><\/td>\n<td style=\"height: 26px; vertical-align: middle;\">Petkim ABS, \u013020 Standard\u0131<\/td>\n<\/tr>\n<tr>\n<td style=\"height: 26px; vertical-align: middle;\"><strong>Stok durumu<\/strong><\/td>\n<td style=\"height: 26px; vertical-align: middle;\"><img style=\"height: 16px;\" src=\"https:\/\/www.tekkullanimlikdisfircasi.com\/wp-content\/uploads\/2017\/01\/var.png\" alt=\"stokta var\" \/><\/td>\n<\/tr>\n<tr>\n<td style=\"height: 26px; vertical-align: middle;\"><strong>Di\u015f f\u0131r\u00e7as\u0131 sap\u0131<\/strong><\/td>\n<td style=\"height: 26px; vertical-align: middle;\">ABS malzeme<\/td>\n<\/tr>\n<tr>\n<td style=\"height: 26px; vertical-align: middle;\"><strong>Di\u015f f\u0131r\u00e7as\u0131 k\u0131l\u0131<\/strong><\/td>\n<td style=\"height: 26px; vertical-align: middle;\">i20 plastik malzeme<\/td>\n<\/tr>\n<tr>\n<td style=\"height: 26px; vertical-align: middle;\"><strong>Di\u015f f\u0131r\u00e7as\u0131 k\u0131l demetleri<\/strong><\/td>\n<td style=\"height: 26px; vertical-align: middle;\">K\u0131l u\u00e7lar\u0131\u00a0ince<\/td>\n<\/tr>\n<tr>\n<td style=\"height: 26px; vertical-align: middle;\"><strong>Di\u015f f\u0131r\u00e7as\u0131 ba\u015f\u0131<\/strong><\/td>\n<td style=\"height: 26px; vertical-align: middle;\">Standart\u00a078 adet k\u0131l<\/td>\n<\/tr>\n<tr>\n<td style=\"height: 26px; vertical-align: middle;\"><strong>K\u0131l demetleri boyutu<\/strong><\/td>\n<td style=\"height: 26px; vertical-align: middle;\">K\u0131l demetleri ayn\u0131 boyda ve d\u00fcz kesim<\/td>\n<\/tr>\n<tr>\n<td style=\"height: 26px; vertical-align: middle;\"><strong>Di\u015f f\u0131r\u00e7as\u0131 sap rengi<\/strong><\/td>\n<td style=\"height: 26px; vertical-align: middle;\"><span style=\"color: #ff0000;\">\u0130ste\u011fe Ba\u011fl\u0131<\/span><\/td>\n<\/tr>\n<\/tbody>\n<\/table>\n<p><span style=\"font-size: 10pt;\">Di\u015f F\u0131r\u00e7as\u0131 sap rengi sadece \u201c<em>Standart<\/em>\u201d \u00a0ise \u00fcr\u00fcn tek renk olarak \u00fcretilmektedir.inceleyebilirsiniz.<br \/>\nDi\u015f F\u0131r\u00e7as\u0131 sap rengi se\u00e7ene\u011fi &#8220;<em><span style=\"color: #ff0000;\">\u0130ste\u011fe Ba\u011fl\u0131<\/span><\/em>&#8221; ise alternatif renk se\u00e7eneklerini ilgili sekmeye ge\u00e7erek inceleyebilirsiniz.<\/span><\/p>\n\n<\/div><h2 class=\"tabtitle\">Ambalaj<\/h2>\n<div class=\"tabcontent\">\n\n<p><img loading=\"lazy\" class=\"alignleft size-full wp-image-584\" src=\"https:\/\/www.tekkullanimlikdisfircasi.com\/wp-content\/uploads\/2017\/01\/TBR.002.1-1.jpg\" alt=\"\" width=\"560\" height=\"372\" srcset=\"https:\/\/www.tekkullanimlikdisfircasi.com\/wp-content\/uploads\/2017\/01\/TBR.002.1-1.jpg 560w, https:\/\/www.tekkullanimlikdisfircasi.com\/wp-content\/uploads\/2017\/01\/TBR.002.1-1-300x199.jpg 300w\" sizes=\"(max-width: 560px) 100vw, 560px\" \/><\/p>\n\n<\/div><h2 class=\"tabtitle\">Renk Se\u00e7ene\u011fi<\/h2>\n<div class=\"tabcontent\">\n\n<table style=\"width: 560px; height: 40px;\" border=\"0\" cellspacing=\"1\" cellpadding=\"1\">\n<tbody>\n<tr style=\"height: 24px;\">\n<td style=\"width: 37px; text-align: center; height: 24px;\"><span style=\"font-size: 12pt;\"><strong>Stok<\/strong><\/span><\/td>\n<td style=\"background-color: #0d00ff; width: 42px; text-align: center; height: 24px;\"><span style=\"color: #ffffff;\">Mavi<\/span><\/td>\n<td style=\"width: 61px; background-color: #ff0000; text-align: center; height: 24px;\"><span style=\"color: #ffffff;\">K\u0131rm\u0131z\u0131<\/span><\/td>\n<td style=\"width: 40px; background-color: #4ffa00; text-align: center; height: 24px;\">Ye\u015fil<\/td>\n<td style=\"width: 34px; background-color: #f5ed00; text-align: center; height: 24px;\">Sar\u0131<\/td>\n<td style=\"width: 48px; background-color: #e6e6e6; text-align: center; height: 24px;\">\u015eeffaf<\/td>\n<td style=\"width: 50px; text-align: center; height: 24px;\">Beyaz<\/td>\n<\/tr>\n<tr style=\"height: 19px;\">\n<td style=\"width: 37px; height: 19px; text-align: center;\"><span style=\"color: #00ff00; font-size: 12pt;\"><strong>Var<\/strong><\/span><\/td>\n<td style=\"width: 42px; height: 19px; text-align: center;\">\u00a0x<\/td>\n<td style=\"width: 61px; height: 19px; text-align: center;\">\u00a0x<\/td>\n<td style=\"width: 40px; height: 19px; text-align: center;\">x<\/td>\n<td style=\"width: 34px; height: 19px; text-align: center;\">x<\/td>\n<td style=\"width: 48px; height: 19px; text-align: center;\">\u00a0x<\/td>\n<td style=\"width: 50px; height: 19px; text-align: center;\">\u00a0x<\/td>\n<\/tr>\n<tr style=\"height: 16.9375px;\">\n<td style=\"width: 37px; height: 16.9375px; text-align: center;\"><span style=\"color: #ff0000; font-size: 12pt;\"><strong>Yok<\/strong><\/span><\/td>\n<td style=\"width: 42px; height: 16.9375px; text-align: center;\"><\/td>\n<td style=\"width: 61px; height: 16.9375px; text-align: center;\"><\/td>\n<td style=\"width: 40px; height: 16.9375px; text-align: center;\"><\/td>\n<td style=\"width: 34px; height: 16.9375px; text-align: center;\"><\/td>\n<td style=\"width: 48px; height: 16.9375px; text-align: center;\"><\/td>\n<td style=\"width: 50px; height: 16.9375px; text-align: center;\"><\/td>\n<\/tr>\n<\/tbody>\n<\/table>\n<p><span style=\"font-size: 10pt;\">Stokta bulunan renkler &#8220;<strong><span style=\"color: #00ff00;\">var<\/span><\/strong>&#8221; sat\u0131r\u0131nda bulunan &#8220;x&#8221; i\u015fareti ile g\u00f6sterilmi\u015ftir.<\/span><\/p>\n\n<\/div><h2 class=\"tabtitle\">Lojistik<\/h2>\n<div class=\"tabcontent\">\n\n<h5 class=\"opened\">Genel \u00d6zellikler<\/h5>\n<table>\n<tbody>\n<tr>\n<td><strong>Koli i\u00e7erindeki adet<\/strong><\/td>\n<td>500*2 : 1000 adet kapasite<\/td>\n<\/tr>\n<tr>\n<td><strong>Koli a\u011f\u0131rl\u0131\u011f\u0131<\/strong><\/td>\n<td>5,5 kg &#8211; 6,5\u00a0kg aras\u0131<\/td>\n<\/tr>\n<tr>\n<td><strong>Koli ebatlar\u0131<\/strong><\/td>\n<td>40 cm * 40 cm * 30 cm<\/td>\n<\/tr>\n<tr>\n<td><strong>Koli malzemesi<\/strong><\/td>\n<td>\u00c7ift oluklu mukavva<\/td>\n<\/tr>\n<tr>\n<td><strong>Stok durumu<\/strong><\/td>\n<td>Mevcut<\/td>\n<\/tr>\n<\/tbody>\n<\/table>\n\n<\/div><h2 class=\"tabtitle\">Fiyat?<\/h2>\n<div class=\"tabcontent\">\n\n\n<div class=\"wpcf7 no-js\" id=\"wpcf7-f652-o1\" lang=\"tr-TR\" dir=\"ltr\">\n<div class=\"screen-reader-response\"><p role=\"status\" aria-live=\"polite\" aria-atomic=\"true\"><\/p> <ul><\/ul><\/div>\n<form action=\"\/index.php\/wp-json\/wp\/v2\/pages\/613#wpcf7-f652-o1\" method=\"post\" class=\"wpcf7-form init\" aria-label=\"Contact form\" novalidate=\"novalidate\" data-status=\"init\">\n<div style=\"display: none;\">\n<input type=\"hidden\" name=\"_wpcf7\" value=\"652\" \/>\n<input type=\"hidden\" name=\"_wpcf7_version\" value=\"5.7.7\" \/>\n<input type=\"hidden\" name=\"_wpcf7_locale\" value=\"tr_TR\" \/>\n<input type=\"hidden\" name=\"_wpcf7_unit_tag\" value=\"wpcf7-f652-o1\" \/>\n<input type=\"hidden\" name=\"_wpcf7_container_post\" value=\"0\" \/>\n<input type=\"hidden\" name=\"_wpcf7_posted_data_hash\" value=\"\" \/>\n<\/div>\n<p><label> Konu<br \/>\n<span class=\"wpcf7-form-control-wrap\" data-name=\"textyour-subject\"><input size=\"40\" class=\"wpcf7-form-control wpcf7-text wpcf7-validates-as-required\" aria-required=\"true\" aria-invalid=\"false\" value=\"Teklif Talebi\" type=\"text\" name=\"textyour-subject\" \/><\/span><\/label>\n<\/p>\n<p><label> Ad\u0131n\u0131z Soyad\u0131n\u0131z (gerekli)<br \/>\n<span class=\"wpcf7-form-control-wrap\" data-name=\"your-name\"><input size=\"40\" class=\"wpcf7-form-control wpcf7-text wpcf7-validates-as-required\" aria-required=\"true\" aria-invalid=\"false\" value=\"\" type=\"text\" name=\"your-name\" \/><\/span> <\/label>\n<\/p>\n<p><label> Eposta Adresiniz (gerekli)<br \/>\n<span class=\"wpcf7-form-control-wrap\" data-name=\"your-email\"><input size=\"40\" class=\"wpcf7-form-control wpcf7-text wpcf7-email wpcf7-validates-as-required wpcf7-validates-as-email\" aria-required=\"true\" aria-invalid=\"false\" value=\"\" type=\"email\" name=\"your-email\" \/><\/span> <\/label>\n<\/p>\n<p><label> Telefon (gerekli)<br \/>\n<span class=\"wpcf7-form-control-wrap\" data-name=\"telefon\"><input size=\"40\" class=\"wpcf7-form-control wpcf7-text wpcf7-validates-as-required\" aria-required=\"true\" aria-invalid=\"false\" value=\"\" type=\"text\" name=\"telefon\" \/><\/span> <\/label>\n<\/p>\n<p><label> Teklif Almak \u0130stedi\u011finiz Adet (gerekli)<br \/>\n<span class=\"wpcf7-form-control-wrap\" data-name=\"adet\"><input size=\"40\" class=\"wpcf7-form-control wpcf7-text wpcf7-validates-as-required\" aria-required=\"true\" aria-invalid=\"false\" value=\"\" type=\"text\" name=\"adet\" \/><\/span> <\/label>\n<\/p>\n<p><label> Mesaj\u0131n\u0131z<br \/>\n<span class=\"wpcf7-form-control-wrap\" data-name=\"your-message\"><textarea cols=\"40\" rows=\"10\" class=\"wpcf7-form-control wpcf7-textarea\" aria-invalid=\"false\" name=\"your-message\"><\/textarea><\/span> <\/label>\n<\/p>\n<p><input class=\"wpcf7-form-control has-spinner wpcf7-submit\" type=\"submit\" value=\"G\u00f6nder\" \/>\n<\/p><p style=\"display: none !important;\" class=\"akismet-fields-container\" data-prefix=\"_wpcf7_ak_\"><label>&#916;<textarea name=\"_wpcf7_ak_hp_textarea\" cols=\"45\" rows=\"8\" maxlength=\"100\"><\/textarea><\/label><input type=\"hidden\" id=\"ak_js_1\" name=\"_wpcf7_ak_js\" value=\"55\"\/><script>document.getElementById( \"ak_js_1\" ).setAttribute( \"value\", ( new Date() ).getTime() );<\/script><\/p><div class=\"wpcf7-response-output\" aria-hidden=\"true\"><\/div>\n<\/form>\n<\/div>\n\n<\/div><\/div>\n","protected":false},"excerpt":{"rendered":"<p>Genel \u00d6zellikler Di\u015f F\u0131r\u00e7as\u0131 belge standard\u0131 Petkim ABS, \u013020 Standard\u0131 Stok durumu Di\u015f f\u0131r\u00e7as\u0131 sap\u0131 ABS malzeme Di\u015f f\u0131r\u00e7as\u0131 k\u0131l\u0131 i20 plastik malzeme Di\u015f f\u0131r\u00e7as\u0131 k\u0131l demetleri K\u0131l u\u00e7lar\u0131\u00a0ince Di\u015f f\u0131r\u00e7as\u0131 ba\u015f\u0131 Standart\u00a078 adet k\u0131l K\u0131l demetleri boyutu K\u0131l demetleri<\/p>\n","protected":false},"author":1,"featured_media":0,"parent":154,"menu_order":0,"comment_status":"closed","ping_status":"closed","template":"","meta":{"_links_to":"","_links_to_target":""},"aioseo_notices":[],"_links":{"self":[{"href":"https:\/\/www.tekkullanimlikdisfircasi.com\/index.php\/wp-json\/wp\/v2\/pages\/613"}],"collection":[{"href":"https:\/\/www.tekkullanimlikdisfircasi.com\/index.php\/wp-json\/wp\/v2\/pages"}],"about":[{"href":"https:\/\/www.tekkullanimlikdisfircasi.com\/index.php\/wp-json\/wp\/v2\/types\/page"}],"author":[{"embeddable":true,"href":"https:\/\/www.tekkullanimlikdisfircasi.com\/index.php\/wp-json\/wp\/v2\/users\/1"}],"replies":[{"embeddable":true,"href":"https:\/\/www.tekkullanimlikdisfircasi.com\/index.php\/wp-json\/wp\/v2\/comments?post=613"}],"version-history":[{"count":2,"href":"https:\/\/www.tekkullanimlikdisfircasi.com\/index.php\/wp-json\/wp\/v2\/pages\/613\/revisions"}],"predecessor-version":[{"id":672,"href":"https:\/\/www.tekkullanimlikdisfircasi.com\/index.php\/wp-json\/wp\/v2\/pages\/613\/revisions\/672"}],"up":[{"embeddable":true,"href":"https:\/\/www.tekkullanimlikdisfircasi.com\/index.php\/wp-json\/wp\/v2\/pages\/154"}],"wp:attachment":[{"href":"https:\/\/www.tekkullanimlikdisfircasi.com\/index.php\/wp-json\/wp\/v2\/media?parent=613"}],"curies":[{"name":"wp","href":"https:\/\/api.w.org\/{rel}","templated":true}]}}