{"id":615,"date":"2017-01-16T12:20:06","date_gmt":"2017-01-16T10:20:06","guid":{"rendered":"http:\/\/www.tekkullanimlikdisfircasi.com\/?page_id=615"},"modified":"2017-01-23T13:50:44","modified_gmt":"2017-01-23T11:50:44","slug":"trs-002-pratik-dis-fircasi-ve-dis-macunu-seti","status":"publish","type":"page","link":"https:\/\/www.tekkullanimlikdisfircasi.com\/index.php\/dis-macunlari-2\/trs-002-pratik-dis-fircasi-ve-dis-macunu-seti\/","title":{"rendered":"TRS.002 &#8211; Pratik di\u015f f\u0131r\u00e7as\u0131 ve di\u015f macunu seti"},"content":{"rendered":"<div class=\"responsive-tabs\">\n<h2 class=\"tabtitle\">\u00dcr\u00fcn \u00d6zellikleri<\/h2>\n<div class=\"tabcontent\">\n\n<p><img loading=\"lazy\" class=\"alignleft size-full wp-image-616\" src=\"https:\/\/www.tekkullanimlikdisfircasi.com\/wp-content\/uploads\/2017\/01\/TRS.002_OPP.jpg\" alt=\"\" width=\"560\" height=\"457\" srcset=\"https:\/\/www.tekkullanimlikdisfircasi.com\/wp-content\/uploads\/2017\/01\/TRS.002_OPP.jpg 560w, https:\/\/www.tekkullanimlikdisfircasi.com\/wp-content\/uploads\/2017\/01\/TRS.002_OPP-300x245.jpg 300w\" sizes=\"(max-width: 560px) 100vw, 560px\" \/><\/p>\n<h5 class=\"opened\">Genel \u00d6zellikler<\/h5>\n<table>\n<tbody>\n<tr>\n<td style=\"height: 26px; vertical-align: middle;\"><strong>Di\u015f F\u0131r\u00e7as\u0131 belge standard\u0131<\/strong><\/td>\n<td style=\"height: 26px; vertical-align: middle;\">TS EN ISO 20126<\/td>\n<\/tr>\n<tr>\n<td style=\"height: 26px; vertical-align: middle;\"><strong>Stok durumu<\/strong><\/td>\n<td style=\"height: 26px; vertical-align: middle;\"><img style=\"height: 16px;\" src=\"https:\/\/www.tekkullanimlikdisfircasi.com\/wp-content\/uploads\/2017\/01\/var.png\" alt=\"stokta var\" \/><\/td>\n<\/tr>\n<tr>\n<td style=\"height: 26px; vertical-align: middle;\"><strong>Di\u015f f\u0131r\u00e7as\u0131 sap\u0131<\/strong><\/td>\n<td style=\"height: 26px; vertical-align: middle;\">Polietilen malzeme<\/td>\n<\/tr>\n<tr>\n<td style=\"height: 26px; vertical-align: middle;\"><span style=\"color: #ff0000;\"><b>Di\u015f macunu a\u011f\u0131rl\u0131\u011f\u0131<\/b><\/span><\/td>\n<td style=\"height: 26px; vertical-align: middle;\"><span style=\"color: #ff0000;\">3 gr<\/span><\/td>\n<\/tr>\n<tr>\n<td style=\"height: 26px; vertical-align: middle;\"><strong>Di\u015f f\u0131r\u00e7as\u0131 k\u0131l\u0131<\/strong><\/td>\n<td style=\"height: 26px; vertical-align: middle;\">Nylon 6.12 naylon malzeme<\/td>\n<\/tr>\n<tr>\n<td style=\"height: 26px; vertical-align: middle;\"><strong>Di\u015f f\u0131r\u00e7as\u0131 k\u0131l demetleri<\/strong><\/td>\n<td style=\"height: 26px; vertical-align: middle;\">K\u0131l u\u00e7lar\u0131 p\u00fcr\u00fczs\u00fcz yuvarlat\u0131lm\u0131\u015ft\u0131r<\/td>\n<\/tr>\n<tr>\n<td style=\"height: 26px; vertical-align: middle;\"><strong>Di\u015f f\u0131r\u00e7as\u0131 ba\u015f\u0131<\/strong><\/td>\n<td style=\"height: 26px; vertical-align: middle;\">Standart 39 k\u0131l demeti +-5<\/td>\n<\/tr>\n<tr>\n<td style=\"height: 26px; vertical-align: middle;\"><strong>Her bir k\u0131l demeti<\/strong><\/td>\n<td style=\"height: 26px; vertical-align: middle;\">En az 24 adet k\u0131ldan olu\u015fur.<\/td>\n<\/tr>\n<tr>\n<td style=\"height: 26px; vertical-align: middle;\"><strong>K\u0131l demetleri boyutu<\/strong><\/td>\n<td style=\"height: 26px; vertical-align: middle;\">K\u0131l demetleri ayn\u0131 boyda ve d\u00fcz kesim<\/td>\n<\/tr>\n<tr>\n<td style=\"height: 26px; vertical-align: middle;\"><strong>\u00c7ekmeye kar\u015f\u0131 dayan\u0131m\u0131<\/strong><\/td>\n<td style=\"height: 26px; vertical-align: middle;\">\u00c7ekmeye kar\u015f\u0131 k\u0131l dayan\u0131m\u0131 15N \u00fczeri<\/td>\n<\/tr>\n<tr>\n<td style=\"height: 26px; vertical-align: middle;\"><strong>Di\u015f f\u0131r\u00e7as\u0131 k\u0131l sertlik derecesi<\/strong><\/td>\n<td style=\"height: 26px; vertical-align: middle;\">6 cN\/mm2 &#8211; 9cN\/mm2 aras\u0131ndad\u0131r<\/td>\n<\/tr>\n<tr>\n<td style=\"height: 26px; vertical-align: middle;\"><strong>K\u0131l yorulma direnci<\/strong><\/td>\n<td style=\"height: 26px; vertical-align: middle;\">Standarda uygun<\/td>\n<\/tr>\n<tr>\n<td style=\"height: 26px; vertical-align: middle;\"><strong>K\u0131l profil y\u00fcksekli\u011fi<\/strong><\/td>\n<td style=\"height: 26px; vertical-align: middle;\">11 mm +-1 mm<\/td>\n<\/tr>\n<tr>\n<td style=\"height: 26px; vertical-align: middle;\"><strong>F\u0131r\u00e7alama y\u00fczey uzunlu\u011fu<\/strong><\/td>\n<td style=\"height: 26px; vertical-align: middle;\">25 mm &#8211; 40 mm aras\u0131ndad\u0131r<\/td>\n<\/tr>\n<tr>\n<td style=\"height: 26px; vertical-align: middle;\"><strong>F\u0131r\u00e7alama y\u00fczey geni\u015fli\u011fi<\/strong><\/td>\n<td style=\"height: 26px; vertical-align: middle;\">Max 13 mm dir<\/td>\n<\/tr>\n<tr>\n<td style=\"height: 26px; vertical-align: middle;\"><strong>Di\u015f f\u0131r\u00e7as\u0131 uzunlu\u011fu<\/strong><\/td>\n<td style=\"height: 26px; vertical-align: middle;\">Max 21 cm dir<\/td>\n<\/tr>\n<tr>\n<td style=\"height: 26px; vertical-align: middle;\"><strong>Di\u015f f\u0131r\u00e7as\u0131 sap rengi<\/strong><\/td>\n<td style=\"height: 26px; vertical-align: middle;\">Standart<\/td>\n<\/tr>\n<\/tbody>\n<\/table>\n<p><span style=\"font-size: 10pt;\">Di\u015f F\u0131r\u00e7as\u0131 sap rengi sadece \u201c<em>Standart<\/em>\u201d \u00a0ise \u00fcr\u00fcn tek renk olarak \u00fcretilmektedir.inceleyebilirsiniz.<br \/>\nDi\u015f F\u0131r\u00e7as\u0131 sap rengi se\u00e7ene\u011fi &#8220;<em><span style=\"color: #ff0000;\">\u0130ste\u011fe Ba\u011fl\u0131<\/span><\/em>&#8221; ise alternatif renk se\u00e7eneklerini ilgili sekmeye ge\u00e7erek inceleyebilirsiniz.<\/span><\/p>\n\n<\/div><h2 class=\"tabtitle\">Ambalaj<\/h2>\n<div class=\"tabcontent\">\n\n<p><img loading=\"lazy\" class=\"alignleft size-full wp-image-616\" src=\"https:\/\/www.tekkullanimlikdisfircasi.com\/wp-content\/uploads\/2017\/01\/TRS.002_OPP.jpg\" alt=\"\" width=\"560\" height=\"457\" srcset=\"https:\/\/www.tekkullanimlikdisfircasi.com\/wp-content\/uploads\/2017\/01\/TRS.002_OPP.jpg 560w, https:\/\/www.tekkullanimlikdisfircasi.com\/wp-content\/uploads\/2017\/01\/TRS.002_OPP-300x245.jpg 300w\" sizes=\"(max-width: 560px) 100vw, 560px\" \/><\/p>\n\n<\/div><h2 class=\"tabtitle\">Renk Se\u00e7ene\u011fi<\/h2>\n<div class=\"tabcontent\">\n\n<table style=\"width: 560px; height: 40px;\" border=\"0\" cellspacing=\"1\" cellpadding=\"1\">\n<tbody>\n<tr>\n<td style=\"width: 37px; text-align: center;\"><strong>Stok<\/strong><\/td>\n<td style=\"background-color: #0d00ff; width: 42px; text-align: center;\"><span style=\"color: #ffffff;\">Mavi<\/span><\/td>\n<td style=\"width: 61px; background-color: #ff0000; text-align: center;\"><span style=\"color: #ffffff;\">K\u0131rm\u0131z\u0131<\/span><\/td>\n<td style=\"width: 40px; background-color: #4ffa00; text-align: center;\">Ye\u015fil<\/td>\n<td style=\"width: 34px; background-color: #f5ed00; text-align: center;\">Sar\u0131<\/td>\n<td style=\"width: 48px; background-color: #e6e6e6; text-align: center;\">\u015eeffaf<\/td>\n<td style=\"width: 50px; text-align: center;\">Beyaz<\/td>\n<\/tr>\n<tr>\n<td style=\"text-align: center; width: 37px;\"><span style=\"color: #00ff00;\"><strong>Var<\/strong><\/span><\/td>\n<td style=\"text-align: center; width: 42px;\"><\/td>\n<td style=\"text-align: center; width: 61px;\"><\/td>\n<td style=\"text-align: center; width: 40px;\"><\/td>\n<td style=\"text-align: center; width: 34px;\"><\/td>\n<td style=\"text-align: center; width: 48px;\">\u00a0x<\/td>\n<td style=\"text-align: center; width: 50px;\"><\/td>\n<\/tr>\n<tr>\n<td style=\"text-align: center; width: 37px;\"><span style=\"color: #ff0000;\"><strong>Yok<\/strong><\/span><\/td>\n<td style=\"text-align: center; width: 42px;\">\u00a0x<\/td>\n<td style=\"text-align: center; width: 61px;\">x<\/td>\n<td style=\"text-align: center; width: 40px;\">\u00a0x<\/td>\n<td style=\"text-align: center; width: 34px;\">x<\/td>\n<td style=\"text-align: center; width: 48px;\"><\/td>\n<td style=\"text-align: center; width: 50px;\">x<\/td>\n<\/tr>\n<\/tbody>\n<\/table>\n<p><span style=\"font-size: 10pt;\">Stokta bulunan renkler &#8220;<strong><span style=\"color: #00ff00;\">var<\/span><\/strong>&#8221; sat\u0131r\u0131nda bulunan &#8220;x&#8221; i\u015fareti ile g\u00f6sterilmi\u015ftir.<\/span><\/p>\n\n<\/div><h2 class=\"tabtitle\">Lojistik<\/h2>\n<div class=\"tabcontent\">\n\n<h5 class=\"opened\">Genel \u00d6zellikler<\/h5>\n<table>\n<tbody>\n<tr>\n<td><strong>Koli i\u00e7erindeki adet<\/strong><\/td>\n<td>500*2 : 1000 adet kapasite<\/td>\n<\/tr>\n<tr>\n<td><strong>Koli a\u011f\u0131rl\u0131\u011f\u0131<\/strong><\/td>\n<td>8,5 kg &#8211; 9,5\u00a0kg aras\u0131<\/td>\n<\/tr>\n<tr>\n<td><strong>Koli ebatlar\u0131<\/strong><\/td>\n<td>40 cm * 40 cm * 30 cm<\/td>\n<\/tr>\n<tr>\n<td><strong>Koli malzemesi<\/strong><\/td>\n<td>\u00c7ift oluklu mukavva<\/td>\n<\/tr>\n<tr>\n<td><strong>Stok durumu<\/strong><\/td>\n<td>Mevcut<\/td>\n<\/tr>\n<\/tbody>\n<\/table>\n\n<\/div><h2 class=\"tabtitle\">Fiyat?<\/h2>\n<div class=\"tabcontent\">\n\n\n<div class=\"wpcf7 no-js\" id=\"wpcf7-f652-o1\" lang=\"tr-TR\" dir=\"ltr\">\n<div class=\"screen-reader-response\"><p role=\"status\" aria-live=\"polite\" aria-atomic=\"true\"><\/p> <ul><\/ul><\/div>\n<form action=\"\/index.php\/wp-json\/wp\/v2\/pages\/615#wpcf7-f652-o1\" method=\"post\" class=\"wpcf7-form init\" aria-label=\"Contact form\" novalidate=\"novalidate\" data-status=\"init\">\n<div style=\"display: none;\">\n<input type=\"hidden\" name=\"_wpcf7\" value=\"652\" \/>\n<input type=\"hidden\" name=\"_wpcf7_version\" value=\"5.7.7\" \/>\n<input type=\"hidden\" name=\"_wpcf7_locale\" value=\"tr_TR\" \/>\n<input type=\"hidden\" name=\"_wpcf7_unit_tag\" value=\"wpcf7-f652-o1\" \/>\n<input type=\"hidden\" name=\"_wpcf7_container_post\" value=\"0\" \/>\n<input type=\"hidden\" name=\"_wpcf7_posted_data_hash\" value=\"\" \/>\n<\/div>\n<p><label> Konu<br \/>\n<span class=\"wpcf7-form-control-wrap\" data-name=\"textyour-subject\"><input size=\"40\" class=\"wpcf7-form-control wpcf7-text wpcf7-validates-as-required\" aria-required=\"true\" aria-invalid=\"false\" value=\"Teklif Talebi\" type=\"text\" name=\"textyour-subject\" \/><\/span><\/label>\n<\/p>\n<p><label> Ad\u0131n\u0131z Soyad\u0131n\u0131z (gerekli)<br \/>\n<span class=\"wpcf7-form-control-wrap\" data-name=\"your-name\"><input size=\"40\" class=\"wpcf7-form-control wpcf7-text wpcf7-validates-as-required\" aria-required=\"true\" aria-invalid=\"false\" value=\"\" type=\"text\" name=\"your-name\" \/><\/span> <\/label>\n<\/p>\n<p><label> Eposta Adresiniz (gerekli)<br \/>\n<span class=\"wpcf7-form-control-wrap\" data-name=\"your-email\"><input size=\"40\" class=\"wpcf7-form-control wpcf7-text wpcf7-email wpcf7-validates-as-required wpcf7-validates-as-email\" aria-required=\"true\" aria-invalid=\"false\" value=\"\" type=\"email\" name=\"your-email\" \/><\/span> <\/label>\n<\/p>\n<p><label> Telefon (gerekli)<br \/>\n<span class=\"wpcf7-form-control-wrap\" data-name=\"telefon\"><input size=\"40\" class=\"wpcf7-form-control wpcf7-text wpcf7-validates-as-required\" aria-required=\"true\" aria-invalid=\"false\" value=\"\" type=\"text\" name=\"telefon\" \/><\/span> <\/label>\n<\/p>\n<p><label> Teklif Almak \u0130stedi\u011finiz Adet (gerekli)<br \/>\n<span class=\"wpcf7-form-control-wrap\" data-name=\"adet\"><input size=\"40\" class=\"wpcf7-form-control wpcf7-text wpcf7-validates-as-required\" aria-required=\"true\" aria-invalid=\"false\" value=\"\" type=\"text\" name=\"adet\" \/><\/span> <\/label>\n<\/p>\n<p><label> Mesaj\u0131n\u0131z<br \/>\n<span class=\"wpcf7-form-control-wrap\" data-name=\"your-message\"><textarea cols=\"40\" rows=\"10\" class=\"wpcf7-form-control wpcf7-textarea\" aria-invalid=\"false\" name=\"your-message\"><\/textarea><\/span> <\/label>\n<\/p>\n<p><input class=\"wpcf7-form-control has-spinner wpcf7-submit\" type=\"submit\" value=\"G\u00f6nder\" \/>\n<\/p><p style=\"display: none !important;\" class=\"akismet-fields-container\" data-prefix=\"_wpcf7_ak_\"><label>&#916;<textarea name=\"_wpcf7_ak_hp_textarea\" cols=\"45\" rows=\"8\" maxlength=\"100\"><\/textarea><\/label><input type=\"hidden\" id=\"ak_js_1\" name=\"_wpcf7_ak_js\" value=\"133\"\/><script>document.getElementById( \"ak_js_1\" ).setAttribute( \"value\", ( new Date() ).getTime() );<\/script><\/p><div class=\"wpcf7-response-output\" aria-hidden=\"true\"><\/div>\n<\/form>\n<\/div>\n\n<\/div><\/div>\n","protected":false},"excerpt":{"rendered":"<p>Genel \u00d6zellikler Di\u015f F\u0131r\u00e7as\u0131 belge standard\u0131 TS EN ISO 20126 Stok durumu Di\u015f f\u0131r\u00e7as\u0131 sap\u0131 Polietilen malzeme Di\u015f macunu a\u011f\u0131rl\u0131\u011f\u0131 3 gr Di\u015f f\u0131r\u00e7as\u0131 k\u0131l\u0131 Nylon 6.12 naylon malzeme Di\u015f f\u0131r\u00e7as\u0131 k\u0131l demetleri K\u0131l u\u00e7lar\u0131 p\u00fcr\u00fczs\u00fcz yuvarlat\u0131lm\u0131\u015ft\u0131r Di\u015f f\u0131r\u00e7as\u0131 ba\u015f\u0131<\/p>\n","protected":false},"author":1,"featured_media":0,"parent":154,"menu_order":0,"comment_status":"closed","ping_status":"closed","template":"","meta":{"_links_to":"","_links_to_target":""},"aioseo_notices":[],"_links":{"self":[{"href":"https:\/\/www.tekkullanimlikdisfircasi.com\/index.php\/wp-json\/wp\/v2\/pages\/615"}],"collection":[{"href":"https:\/\/www.tekkullanimlikdisfircasi.com\/index.php\/wp-json\/wp\/v2\/pages"}],"about":[{"href":"https:\/\/www.tekkullanimlikdisfircasi.com\/index.php\/wp-json\/wp\/v2\/types\/page"}],"author":[{"embeddable":true,"href":"https:\/\/www.tekkullanimlikdisfircasi.com\/index.php\/wp-json\/wp\/v2\/users\/1"}],"replies":[{"embeddable":true,"href":"https:\/\/www.tekkullanimlikdisfircasi.com\/index.php\/wp-json\/wp\/v2\/comments?post=615"}],"version-history":[{"count":2,"href":"https:\/\/www.tekkullanimlikdisfircasi.com\/index.php\/wp-json\/wp\/v2\/pages\/615\/revisions"}],"predecessor-version":[{"id":673,"href":"https:\/\/www.tekkullanimlikdisfircasi.com\/index.php\/wp-json\/wp\/v2\/pages\/615\/revisions\/673"}],"up":[{"embeddable":true,"href":"https:\/\/www.tekkullanimlikdisfircasi.com\/index.php\/wp-json\/wp\/v2\/pages\/154"}],"wp:attachment":[{"href":"https:\/\/www.tekkullanimlikdisfircasi.com\/index.php\/wp-json\/wp\/v2\/media?parent=615"}],"curies":[{"name":"wp","href":"https:\/\/api.w.org\/{rel}","templated":true}]}}